{"id":164,"date":"2021-05-03T14:42:29","date_gmt":"2021-05-03T14:42:29","guid":{"rendered":"http:\/\/huzz.imi.hr\/?page_id=164"},"modified":"2021-06-10T12:33:08","modified_gmt":"2021-06-10T12:33:08","slug":"o-nama","status":"publish","type":"page","link":"https:\/\/huzz.imi.hr\/hr\/o-nama\/","title":{"rendered":"O nama"},"content":{"rendered":"\n<p>Hrvatsko udru\u017eenje za za\u0161titu zraka (HUZZ) je dobrovoljna, neprofitna udruga koja okuplja fizi\u010dke i pravne osobe sa sjedi\u0161tem u Republici Hrvatskoj radi za\u0161tite i promicanja ciljeva zajedni\u010dkih strukovnih interesa s podru\u010dja za\u0161tite zraka od one\u010di\u0161\u0107ivanja. Po\u010deci rada HUZZ-a vezani su uz osnivanje Jugoslavenskog dru\u0161tva za \u010disto\u0107u zraka 1973. godine. Jugoslavensko dru\u0161tvo za \u010disto\u0107u vazduha osnovano je u Zagrebu na inicijativu hrvatskih stru\u010dnjaka iz tog podru\u010dja te je imalo sjedi\u0161te u Sarajevu, a \u010dlanice Dru\u0161tva bile su republi\u010dke sekcije. Reorganizacijom 1983. godine republi\u010dke sekcije prerasle su u republi\u010dka Dru\u0161tva za za\u0161titu zraka ujedinjena u Savez Dru\u0161tava za \u010disto\u0107u vazduha Jugoslavije. Raspadom Jugoslavije, od 1991. godine Dru\u0161tvo djeluje kao samostalno udru\u017eenje sa ciljem za\u0161tite zraka na podru\u010dju Hrvatske. Na Skup\u0161tini <strong>1993. <\/strong>godine Dru\u0161tvo za za\u0161titu zraka Hrvatske promijenilo je svoj naziv u ime koje nosi i danas &#8211; <strong><span class=\"has-inline-color has-vivid-cyan-blue-color\">Hrvatsko udru\u017eenje za za\u0161titu zraka<\/span><\/strong>. Hrvatska je 1992. godine postala samostalna dr\u017eava, primljena je u Ujedinjene nacije, a iste godine Hrvatsko udru\u017eenje za za\u0161titu zraka na svjetskom kongresu u Montrealu, Kanada, primljeno je u <strong><span class=\"has-inline-color has-vivid-cyan-blue-color\">Internacionalnu uniju za za\u0161titu zraka (IUAPPA)<\/span><\/strong> kao punopravan \u010dlan. <strong><span class=\"has-inline-color has-vivid-cyan-blue-color\">Europska federacija za \u010disti zrak (EFCA)<\/span><\/strong> osnovana je 1997. godine, a na\u0161e Udru\u017eenje \u010dlan je EFCA od 1998. godine. Udru\u017eenje je u tijekom svog rada organiziralo brojne stru\u010dne sastanke u raznim gradovima Hrvatske. 1997. godine organiziralo je prvi nacionalni skup o za\u0161titi zraka te se od tada skup redovito odr\u017eava svake dvije godine. Zajedno s IUAPPA-om HUZZ je bio i organizitor me\u0111unarodnog skupa \u201cThe 14<sup>th<\/sup> International Conference Air Quality &#8211; Assessment and Policy at Local, Regional and Global Scales@ u Dubrovniku 2003. godine. Tako\u0111er, svake druge godine Udru\u017eenje organizira stru\u010dni seminar u inozemstvu. <\/p>\n\n\n\n<p>\u010clanica EFCA: <a href=\"https:\/\/efca.net\/\" data-type=\"URL\" data-id=\"https:\/\/efca.net\/\"><strong><span class=\"has-inline-color has-vivid-cyan-blue-color\">https:\/\/efca.net\/<\/span><\/strong><\/a><\/p>\n\n\n\n<p>\u010clanica IUAPPA: <a href=\"http:\/\/www.iuappa.org\/\" data-type=\"URL\" data-id=\"http:\/\/www.iuappa.org\/\"><strong><span class=\"has-inline-color has-vivid-cyan-blue-color\">http:\/\/www.iuappa.org\/<\/span><\/strong><\/a><\/p>\n\n\n\n<div class=\"wp-block-group\"><div class=\"wp-block-group__inner-container is-layout-flow wp-block-group-is-layout-flow\">\n<div class=\"wp-block-group\"><div class=\"wp-block-group__inner-container is-layout-flow wp-block-group-is-layout-flow\">\n<div class=\"wp-block-group\"><div class=\"wp-block-group__inner-container is-layout-flow wp-block-group-is-layout-flow\">\n<div class=\"wp-block-group\"><div class=\"wp-block-group__inner-container is-layout-flow wp-block-group-is-layout-flow\">\n<div class=\"wp-block-file\"><a href=\"http:\/\/huzz.imi.hr\/wp-content\/uploads\/2021\/05\/statut_HUZZ-1.pdf\"><span class=\"has-inline-color has-black-color\">Statut Udru\u017eenja:<\/span>   <strong><span class=\"has-inline-color has-vivid-cyan-blue-color\"><\/span><\/strong><\/a><strong>statut_HUZZ <\/strong><a href=\"http:\/\/huzz.imi.hr\/wp-content\/uploads\/2021\/05\/statut_HUZZ.pdf\" class=\"wp-block-file__button\" download=\"\">Download<\/a><\/div>\n\n\n\n<div class=\"wp-block-group is-layout-flow wp-block-group-is-layout-flow\"><div class=\"wp-block-group__inner-container\"><\/div><\/div>\n<\/div><\/div>\n<\/div><\/div>\n<\/div><\/div>\n\n\n\n<p><\/p>\n<\/div><\/div>\n\n\n\n<p><\/p>\n","protected":false},"excerpt":{"rendered":"<p>Hrvatsko udru\u017eenje za za\u0161titu zraka (HUZZ) je dobrovoljna, neprofitna udruga koja okuplja fizi\u010dke i pravne osobe sa sjedi\u0161tem u Republici Hrvatskoj radi za\u0161tite i promicanja ciljeva zajedni\u010dkih strukovnih interesa s podru\u010dja za\u0161tite zraka od one\u010di\u0161\u0107ivanja. Po\u010deci rada HUZZ-a vezani su uz osnivanje Jugoslavenskog dru\u0161tva za \u010disto\u0107u zraka 1973. godine. Jugoslavensko dru\u0161tvo za \u010disto\u0107u vazduha osnovano je u Zagrebu na inicijativu hrvatskih stru\u010dnjaka iz tog podru\u010dja te je imalo sjedi\u0161te u Sarajevu, a \u010dlanice Dru\u0161tva bile su republi\u010dke sekcije. Reorganizacijom 1983&#8230;.<\/p>\n<p class=\"read-more\"><a class=\"btn btn-default\" href=\"https:\/\/huzz.imi.hr\/hr\/o-nama\/\"> Read More<span class=\"screen-reader-text\">  Read More<\/span><\/a><\/p>\n","protected":false},"author":2,"featured_media":0,"parent":0,"menu_order":0,"comment_status":"closed","ping_status":"closed","template":"","meta":{"footnotes":""},"class_list":["post-164","page","type-page","status-publish","hentry"],"_links":{"self":[{"href":"https:\/\/huzz.imi.hr\/hr\/wp-json\/wp\/v2\/pages\/164","targetHints":{"allow":["GET"]}}],"collection":[{"href":"https:\/\/huzz.imi.hr\/hr\/wp-json\/wp\/v2\/pages"}],"about":[{"href":"https:\/\/huzz.imi.hr\/hr\/wp-json\/wp\/v2\/types\/page"}],"author":[{"embeddable":true,"href":"https:\/\/huzz.imi.hr\/hr\/wp-json\/wp\/v2\/users\/2"}],"replies":[{"embeddable":true,"href":"https:\/\/huzz.imi.hr\/hr\/wp-json\/wp\/v2\/comments?post=164"}],"version-history":[{"count":14,"href":"https:\/\/huzz.imi.hr\/hr\/wp-json\/wp\/v2\/pages\/164\/revisions"}],"predecessor-version":[{"id":370,"href":"https:\/\/huzz.imi.hr\/hr\/wp-json\/wp\/v2\/pages\/164\/revisions\/370"}],"wp:attachment":[{"href":"https:\/\/huzz.imi.hr\/hr\/wp-json\/wp\/v2\/media?parent=164"}],"curies":[{"name":"wp","href":"https:\/\/api.w.org\/{rel}","templated":true}]}}