{"id":160,"date":"2021-05-03T14:41:26","date_gmt":"2021-05-03T14:41:26","guid":{"rendered":"http:\/\/huzz.imi.hr\/?page_id=160"},"modified":"2023-03-14T09:38:48","modified_gmt":"2023-03-14T09:38:48","slug":"podaci-za-uplatu-clanarina","status":"publish","type":"page","link":"https:\/\/huzz.imi.hr\/hr\/podaci-za-uplatu-clanarina\/","title":{"rendered":"Podaci za uplatu \u010dlanarina"},"content":{"rendered":"\n<div class=\"wp-block-group\"><div class=\"wp-block-group__inner-container is-layout-flow wp-block-group-is-layout-flow\">\n<p><strong><span class=\"has-inline-color has-vivid-cyan-blue-color\">Za fizi\u010dke osobe:<\/span><\/strong><\/p>\n\n\n\n<p><strong>Primatelj:<\/strong> HUZZ, Ksaverska cesta 2, Zagreb,<br><strong>Iznos:<\/strong> 15 \u20ac \/ 113,02 kn <br><strong>IBAN: <\/strong>HR13 2340 0091 1000 1210 2<br><strong>U opis pla\u0107anja upi\u0161ite: <\/strong>\u010dlanarina za teku\u0107u godinu<br><strong>U poziv na broj<\/strong> upi\u0161ite svoj OIB.<\/p>\n\n\n\n<p>Ukoliko vam je potreban <strong>R1 ra\u010dun<\/strong> i\/ili <strong>e-ra\u010dun<\/strong>, molim vas da po\u0161aljete e-mail na <strong>info@huzz.hr<\/strong><\/p>\n<\/div><\/div>\n\n\n\n<p><strong><span class=\"has-inline-color has-vivid-cyan-blue-color\">Za ustanove:<\/span><\/strong><\/p>\n\n\n\n<p><strong>Iznos:<\/strong> 150 \u20ac \/ 1130,18 kn<\/p>\n","protected":false},"excerpt":{"rendered":"<p>Za fizi\u010dke osobe: Primatelj: HUZZ, Ksaverska cesta 2, Zagreb,Iznos: 15 \u20ac \/ 113,02 kn IBAN: HR13 2340 0091 1000 1210 2U opis pla\u0107anja upi\u0161ite: \u010dlanarina za teku\u0107u godinuU poziv na broj upi\u0161ite svoj OIB. Ukoliko vam je potreban R1 ra\u010dun i\/ili e-ra\u010dun, molim vas da po\u0161aljete e-mail na info@huzz.hr Za ustanove: Iznos: 150 \u20ac \/ 1130,18 kn<\/p>\n","protected":false},"author":2,"featured_media":0,"parent":0,"menu_order":0,"comment_status":"closed","ping_status":"closed","template":"","meta":{"footnotes":""},"class_list":["post-160","page","type-page","status-publish","hentry"],"_links":{"self":[{"href":"https:\/\/huzz.imi.hr\/hr\/wp-json\/wp\/v2\/pages\/160","targetHints":{"allow":["GET"]}}],"collection":[{"href":"https:\/\/huzz.imi.hr\/hr\/wp-json\/wp\/v2\/pages"}],"about":[{"href":"https:\/\/huzz.imi.hr\/hr\/wp-json\/wp\/v2\/types\/page"}],"author":[{"embeddable":true,"href":"https:\/\/huzz.imi.hr\/hr\/wp-json\/wp\/v2\/users\/2"}],"replies":[{"embeddable":true,"href":"https:\/\/huzz.imi.hr\/hr\/wp-json\/wp\/v2\/comments?post=160"}],"version-history":[{"count":10,"href":"https:\/\/huzz.imi.hr\/hr\/wp-json\/wp\/v2\/pages\/160\/revisions"}],"predecessor-version":[{"id":546,"href":"https:\/\/huzz.imi.hr\/hr\/wp-json\/wp\/v2\/pages\/160\/revisions\/546"}],"wp:attachment":[{"href":"https:\/\/huzz.imi.hr\/hr\/wp-json\/wp\/v2\/media?parent=160"}],"curies":[{"name":"wp","href":"https:\/\/api.w.org\/{rel}","templated":true}]}}