{"id":53,"date":"2021-05-03T10:09:50","date_gmt":"2021-05-03T10:09:50","guid":{"rendered":"http:\/\/huzz.imi.hr\/?page_id=53"},"modified":"2025-11-06T09:37:50","modified_gmt":"2025-11-06T09:37:50","slug":"arhiva-2","status":"publish","type":"page","link":"https:\/\/huzz.imi.hr\/en\/arhiva-2\/","title":{"rendered":"Archive of Proceedings of Abstracts and Papers from Previous Meetings"},"content":{"rendered":"<div class=\"wp-block-group\"><div class=\"wp-block-group__inner-container is-layout-flow wp-block-group-is-layout-flow\">\n<div class=\"wp-block-buttons is-layout-flex wp-block-buttons-is-layout-flex\">\n<div class=\"wp-block-button\"><a class=\"wp-block-button__link wp-element-button\" href=\"http:\/\/huzz.imi.hr\/wp-content\/uploads\/2025\/11\/Zbornik_sazetaka-2025_online.pdf\"><mark style=\"background-color:rgba(0, 0, 0, 0)\" class=\"has-inline-color has-vivid-green-cyan-color\"><strong>Book of Abstracts &#8211;<\/strong> International Conference and 14<sup>th<\/sup> Croatian Scientific and Professional Meeting<strong> &#8220;AIR PROTECTION 2025&#8221;<\/strong><\/mark><\/a><\/div>\n\n\n\n<div class=\"wp-block-button\"><a class=\"wp-block-button__link wp-element-button\" href=\"http:\/\/huzz.hr\/Zbornik\/Zbornik_radova_2024.pdf\"><span class=\"has-inline-color has-vivid-purple-color\"><strong>Proceedings &#8211;<\/strong> International Conference and 13<sup>th<\/sup> Croatian Scientific and Professional Meeting<strong> &#8220;AIR PROTECTION 2023&#8221;<\/strong><\/span><\/a><\/div>\n\n\n\n<div class=\"wp-block-button\"><a class=\"wp-block-button__link has-vivid-green-cyan-color has-text-color wp-element-button\" href=\"http:\/\/huzz.hr\/Zbornik\/Zbornik_sazetaka_za_web.pdf\" target=\"_blank\" rel=\"noreferrer noopener\"><strong>Book of Abstracts &#8211;<\/strong> International Conference and 13<sup>th<\/sup> Croatian Scientific and Professional Meeting<strong> &#8220;AIR PROTECTION 2023&#8221;<\/strong><\/a><\/div>\n\n\n\n<div class=\"wp-block-button\"><a class=\"wp-block-button__link has-luminous-vivid-orange-color has-text-color wp-element-button\" href=\"http:\/\/huzz.hr\/Zbornik\/Za\u0161tita_zraka_2021_ zbornik radova_ISSN.pdf\" target=\"_blank\" rel=\"noreferrer noopener\"><strong>Proceedings<\/strong> Dvanaestog Hrvatskog znanstveno-stru\u010dnog skupa s me\u0111unarodnim sudjelovanjem <strong>&#8220;Za\u0161tita zraka 2021&#8221;<\/strong><\/a><\/div>\n\n\n\n<div class=\"wp-block-button\"><a class=\"wp-block-button__link wp-element-button\" href=\"http:\/\/huzz.hr\/sazeci\/Zastita_zraka_2021.pdf\" target=\"_blank\" rel=\"noreferrer noopener\"><strong>Collection of abstracts<\/strong> Dvanaestog Hrvatskog znanstveno-stru\u010dnog skupa s me\u0111unarodnim sudjelovanjem <strong>&#8220;Za\u0161tita zraka 2021&#8221; <\/strong><\/a><\/div>\n\n\n\n<div class=\"wp-block-button\"><a class=\"wp-block-button__link wp-element-button\" href=\"http:\/\/huzz.hr\/sazeci\/Zastita_zraka_2019.pdf\" target=\"_blank\" rel=\"noreferrer noopener\"><strong>Collection of abstracts<\/strong> Jedanaestog Hrvatskog znanstveno-stru\u010dnog skupa s me\u0111unarodnim sudjelovanjem <strong>&#8220;Za\u0161tita zraka 2019&#8221;<\/strong><\/a><\/div>\n\n\n\n<div class=\"wp-block-button\"><a class=\"wp-block-button__link wp-element-button\" href=\"http:\/\/huzz.hr\/sazeci\/Zastita_zraka_2017.pdf\" target=\"_blank\" rel=\"noreferrer noopener\"><strong>Collection of abstracts<\/strong> Desetog Hrvatskog znanstveno-stru\u010dnog skupa s me\u0111unarodnim sudjelovanjem <strong>&#8220;Za\u0161tita zraka 2017&#8221;<\/strong><\/a><\/div>\n\n\n\n<div class=\"wp-block-button\"><a class=\"wp-block-button__link wp-element-button\" href=\"http:\/\/huzz.hr\/sazeci\/Zastita_zraka_2015.pdf\" target=\"_blank\" rel=\"noreferrer noopener\"><strong>Collection of abstracts<\/strong> Devetog Hrvatskog znanstveno-stru\u010dnog skupa s me\u0111unarodnim sudjelovanjem <strong>&#8220;Za\u0161tita zraka 2015&#8221;<\/strong><\/a><\/div>\n\n\n\n<div class=\"wp-block-button\"><a class=\"wp-block-button__link wp-element-button\" href=\"http:\/\/huzz.hr\/sazeci\/Zastita_zraka_2013.pdf\" target=\"_blank\" rel=\"noreferrer noopener\"><strong>Collection of abstracts<\/strong> Osmog Hrvatskog znanstveno-stru\u010dnog skupa s me\u0111unarodnim sudjelovanjem <strong>&#8220;Za\u0161tita zraka 2013&#8221;<\/strong><\/a><\/div>\n\n\n\n<div class=\"wp-block-button\"><a class=\"wp-block-button__link wp-element-button\" href=\"http:\/\/huzz.hr\/sazeci\/Zastita_zraka_2011.pdf\" target=\"_blank\" rel=\"noreferrer noopener\"><strong>Collection of abstracts<\/strong> Sedmog Hrvatskog znanstveno-stru\u010dnog skupa s me\u0111unarodnim sudjelovanjem <strong>&#8220;Za\u0161tita zraka 2011&#8221;<\/strong><\/a><\/div>\n\n\n\n<div class=\"wp-block-button\"><a class=\"wp-block-button__link wp-element-button\" href=\"http:\/\/huzz.hr\/sazeci\/Zastita_zraka_2009.pdf\" target=\"_blank\" rel=\"noreferrer noopener\"><span class=\"has-inline-color has-vivid-cyan-blue-color\"><strong>Proceedings<\/strong> \u0160estog Hrvatskog znanstveno-stru\u010dnog skupa s me\u0111unarodnim sudjelovanjem <strong>&#8220;Za\u0161tita zraka 2009&#8221;<\/strong><\/span><\/a><\/div>\n\n\n\n<div class=\"wp-block-button\"><a class=\"wp-block-button__link wp-element-button\" href=\"http:\/\/huzz.hr\/sazeci\/Zastita_zraka_2007.pdf\" target=\"_blank\" rel=\"noreferrer noopener\"><span class=\"has-inline-color has-vivid-cyan-blue-color\"><strong><strong>Proceedings<\/strong> <\/strong>Petog Hrvatskog znanstveno-stru\u010dnog skupa s me\u0111unarodnim sudjelovanjem<strong> &#8220;Za\u0161tita zraka 2007&#8221;<\/strong><\/span><\/a><\/div>\n\n\n\n<div class=\"wp-block-button\"><a class=\"wp-block-button__link wp-element-button\" href=\"http:\/\/huzz.hr\/sazeci\/Zastita_zraka_2005.pdf\" target=\"_blank\" rel=\"noreferrer noopener\"><span class=\"has-inline-color has-vivid-cyan-blue-color\"><strong>Proceedings<\/strong> \u010cetvrtog Hrvatskog znanstveno-stru\u010dnog skupa s me\u0111unarodnim sudjelovanjem <strong>&#8220;Za\u0161tita zraka 2005&#8221;<\/strong><\/span><\/a><\/div>\n\n\n\n<div class=\"wp-block-button\"><a class=\"wp-block-button__link wp-element-button\" href=\"http:\/\/huzz.hr\/sazeci\/Zastita_zraka_2003_Air_Quality.pdf\" target=\"_blank\" rel=\"noreferrer noopener\"><strong><span class=\"has-inline-color has-vivid-cyan-blue-color\">Proceedings<\/span><\/strong> <span class=\"has-inline-color has-luminous-vivid-amber-color\">14th International Conference <strong>&#8220;Air Quality &#8211; Assesment and Policy at Local, Regional and Global Scales&#8221;<\/strong><\/span><\/a><\/div>\n\n\n\n<div class=\"wp-block-button\"><a class=\"wp-block-button__link wp-element-button\" href=\"http:\/\/huzz.hr\/sazeci\/Zastita_zraka_2001.pdf\" target=\"_blank\" rel=\"noreferrer noopener\"><span class=\"has-inline-color has-vivid-cyan-blue-color\"><strong>Proceedings<\/strong> Tre\u0107eg Hrvatskog znanstveno-stru\u010dnog skupa s me\u0111unarodnim sudjelovanjem <strong>&#8220;Za\u0161tita zraka 2001&#8221;<\/strong><\/span><\/a><\/div>\n\n\n\n<div class=\"wp-block-button\"><a class=\"wp-block-button__link wp-element-button\" href=\"http:\/\/huzz.hr\/sazeci\/Zastita_zraka_1999.pdf\" target=\"_blank\" rel=\"noreferrer noopener\"><span class=\"has-inline-color has-vivid-cyan-blue-color\"><strong>Proceedings<\/strong> Drugog Hrvatskog znanstveno-stru\u010dnog skupa s me\u0111unarodnim sudjelovanjem <strong>&#8220;Za\u0161tita zraka 1999&#8221;<\/strong><\/span><\/a><\/div>\n\n\n\n<div class=\"wp-block-button\"><a class=\"wp-block-button__link wp-element-button\" href=\"http:\/\/huzz.hr\/sazeci\/Zastita_zraka_1997.pdf\" target=\"_blank\" rel=\"noreferrer noopener\"><span class=\"has-inline-color has-vivid-cyan-blue-color\"><strong>Proceedings<\/strong> Prvog Hrvatskog znanstveno-stru\u010dnog skupa s me\u0111unarodnim sudjelovanjem<strong> &#8220;Za\u0161tita zraka 1997&#8221;<\/strong><\/span><\/a><\/div>\n<\/div>\n\n\n\n<div class=\"wp-block-buttons is-layout-flex wp-block-buttons-is-layout-flex\"><\/div>\n<\/div><\/div>\n\n\n\n<p><\/p>","protected":false},"excerpt":{"rendered":"","protected":false},"author":1,"featured_media":0,"parent":0,"menu_order":0,"comment_status":"closed","ping_status":"closed","template":"","meta":{"footnotes":""},"class_list":["post-53","page","type-page","status-publish","hentry"],"_links":{"self":[{"href":"https:\/\/huzz.imi.hr\/en\/wp-json\/wp\/v2\/pages\/53","targetHints":{"allow":["GET"]}}],"collection":[{"href":"https:\/\/huzz.imi.hr\/en\/wp-json\/wp\/v2\/pages"}],"about":[{"href":"https:\/\/huzz.imi.hr\/en\/wp-json\/wp\/v2\/types\/page"}],"author":[{"embeddable":true,"href":"https:\/\/huzz.imi.hr\/en\/wp-json\/wp\/v2\/users\/1"}],"replies":[{"embeddable":true,"href":"https:\/\/huzz.imi.hr\/en\/wp-json\/wp\/v2\/comments?post=53"}],"version-history":[{"count":66,"href":"https:\/\/huzz.imi.hr\/en\/wp-json\/wp\/v2\/pages\/53\/revisions"}],"predecessor-version":[{"id":641,"href":"https:\/\/huzz.imi.hr\/en\/wp-json\/wp\/v2\/pages\/53\/revisions\/641"}],"wp:attachment":[{"href":"https:\/\/huzz.imi.hr\/en\/wp-json\/wp\/v2\/media?parent=53"}],"curies":[{"name":"wp","href":"https:\/\/api.w.org\/{rel}","templated":true}]}}