{"id":164,"date":"2021-05-03T14:42:29","date_gmt":"2021-05-03T14:42:29","guid":{"rendered":"http:\/\/huzz.imi.hr\/?page_id=164"},"modified":"2021-06-10T12:33:08","modified_gmt":"2021-06-10T12:33:08","slug":"o-nama","status":"publish","type":"page","link":"https:\/\/huzz.imi.hr\/en\/o-nama\/","title":{"rendered":"About us"},"content":{"rendered":"<p>The Croatian Air Pollution Prevention Association (CAPPA) is a volunteer and non-profit association that gathers persons and legal entities based in the Republic of Croatia with the aim of protecting and promoting common professional interests in the field of air pollution protection. CAPPA\u2019s beginnings go back to the founding of the Yugoslav Air Protection Society in 1973 in Zagreb, following an initiative of Croatian experts, whereas its headquarters were in Sarajevo (Bosnia and Herzegovina). Following the dissolution of Yugoslavia, from 1991 the Croatian component of the Society began functioning as an independent body. In 1993, the Croatian Air Protection Society changed its name to the one it bears today \u2013 the Croatian Air Pollution Prevention Association. The year before, Croatia became an independent country and a full member of the United Nations, whereas CAPPA joined the International Union of Air Pollution Prevention and Environmental Protection Associations (IUAPPA) at the World Congress in Montreal. The European Federation of Clean Air and Environmental Protection Associations (EFCA) was founded in 1997 and CAPPA has been its member since 1998. Ever since it was founded, CAPPA organized numerous professional meetings all over Croatia. In 1997, we introduced the first national meeting on air protection and since then, it has been held every two years. Together with IUAPPA, CAPPA also organized the 14th International Conference Air Quality \u2013 Assessment and Policy at Local, Regional and Global Scales@ in 2003 in Dubrovnik. The Association also organizes bi-annual professional seminars held abroad.\nMember of the EFCA: https:\/\/efca.net\/\n\nMember of IUAPPA: http:\/\/www.iuappa.org\/ <strong>1993. <\/strong>The Croatian Air Protection Society changed its name to the name it still bears today <strong><span class=\"has-inline-color has-vivid-cyan-blue-color\">Croatian Air Pollution Prevention Association<\/span><\/strong>. Croatia became an independent state in 1992, was admitted to the United Nations, and in the same year the Croatian Air Protection Association at the World Congress in Montreal, Canada, was admitted to <strong><span class=\"has-inline-color has-vivid-cyan-blue-color\">International Union for Air Protection (IUAPPA)<\/span><\/strong> as a full member. <strong><span class=\"has-inline-color has-vivid-cyan-blue-color\">European Clean Air Federation (EFCA)<\/span><\/strong> was founded in 1997, and our Association has been a member of EFCA since 1998. During its work, the Association has organized numerous professional meetings in various cities in Croatia. In 1997, it organized the first national meeting on air protection, and since then the meeting has been held regularly every two years. Together with IUAPPA, HUZZ was the organizer of the international conference \u201cThe 14<sup>th<\/sup> International Conference Air Quality - Assessment and Policy at Local, Regional and Global Scales @ in Dubrovnik in 2003. Also, every other year the Association organizes a professional seminar abroad. <\/p>\n\n\n\n<p>EFCA member: <a href=\"https:\/\/efca.net\/\" data-type=\"URL\" data-id=\"https:\/\/efca.net\/\"><strong><span class=\"has-inline-color has-vivid-cyan-blue-color\">https:\/\/efca.net\/<\/span><\/strong><\/a><\/p>\n\n\n\n<p>IUAPPA member: <a href=\"http:\/\/www.iuappa.org\/\" data-type=\"URL\" data-id=\"http:\/\/www.iuappa.org\/\"><strong><span class=\"has-inline-color has-vivid-cyan-blue-color\">http:\/\/www.iuappa.org\/<\/span><\/strong><\/a><\/p>\n\n\n\n<div class=\"wp-block-group\"><div class=\"wp-block-group__inner-container is-layout-flow wp-block-group-is-layout-flow\">\n<div class=\"wp-block-group\"><div class=\"wp-block-group__inner-container is-layout-flow wp-block-group-is-layout-flow\">\n<div class=\"wp-block-group\"><div class=\"wp-block-group__inner-container is-layout-flow wp-block-group-is-layout-flow\">\n<div class=\"wp-block-group\"><div class=\"wp-block-group__inner-container is-layout-flow wp-block-group-is-layout-flow\">\n<div class=\"wp-block-file\"><a href=\"http:\/\/huzz.imi.hr\/wp-content\/uploads\/2021\/05\/statut_HUZZ-1.pdf\"><span class=\"has-inline-color has-black-color\">The CAPPA statute:<\/span>   <strong><span class=\"has-inline-color has-vivid-cyan-blue-color\"><\/span><\/strong><\/a><strong>statut_HUZZ <\/strong><a href=\"http:\/\/huzz.imi.hr\/wp-content\/uploads\/2021\/05\/statut_HUZZ.pdf\" class=\"wp-block-file__button\" download=\"\">Download<\/a><\/div>\n\n\n\n<div class=\"wp-block-group is-layout-flow wp-block-group-is-layout-flow\"><div class=\"wp-block-group__inner-container\"><\/div><\/div>\n<\/div><\/div>\n<\/div><\/div>\n<\/div><\/div>\n\n\n\n<p><\/p>\n<\/div><\/div>\n\n\n\n<p><\/p>","protected":false},"excerpt":{"rendered":"<p>Hrvatsko udru\u017eenje za za\u0161titu zraka (HUZZ) je dobrovoljna, neprofitna udruga koja okuplja fizi\u010dke i pravne osobe sa sjedi\u0161tem u Republici Hrvatskoj radi za\u0161tite i promicanja ciljeva zajedni\u010dkih strukovnih interesa s podru\u010dja za\u0161tite zraka od one\u010di\u0161\u0107ivanja. Po\u010deci rada HUZZ-a vezani su uz osnivanje Jugoslavenskog dru\u0161tva za \u010disto\u0107u zraka 1973. godine. Jugoslavensko dru\u0161tvo za \u010disto\u0107u vazduha osnovano je u Zagrebu na inicijativu hrvatskih stru\u010dnjaka iz tog podru\u010dja te je imalo sjedi\u0161te u Sarajevu, a \u010dlanice Dru\u0161tva bile su republi\u010dke sekcije. Reorganizacijom 1983&#8230;.<\/p>\n<p class=\"read-more\"><a class=\"btn btn-default\" href=\"https:\/\/huzz.imi.hr\/en\/o-nama\/\"> Read More<span class=\"screen-reader-text\">  Read More<\/span><\/a><\/p>","protected":false},"author":2,"featured_media":0,"parent":0,"menu_order":0,"comment_status":"closed","ping_status":"closed","template":"","meta":{"footnotes":""},"class_list":["post-164","page","type-page","status-publish","hentry"],"_links":{"self":[{"href":"https:\/\/huzz.imi.hr\/en\/wp-json\/wp\/v2\/pages\/164","targetHints":{"allow":["GET"]}}],"collection":[{"href":"https:\/\/huzz.imi.hr\/en\/wp-json\/wp\/v2\/pages"}],"about":[{"href":"https:\/\/huzz.imi.hr\/en\/wp-json\/wp\/v2\/types\/page"}],"author":[{"embeddable":true,"href":"https:\/\/huzz.imi.hr\/en\/wp-json\/wp\/v2\/users\/2"}],"replies":[{"embeddable":true,"href":"https:\/\/huzz.imi.hr\/en\/wp-json\/wp\/v2\/comments?post=164"}],"version-history":[{"count":14,"href":"https:\/\/huzz.imi.hr\/en\/wp-json\/wp\/v2\/pages\/164\/revisions"}],"predecessor-version":[{"id":370,"href":"https:\/\/huzz.imi.hr\/en\/wp-json\/wp\/v2\/pages\/164\/revisions\/370"}],"wp:attachment":[{"href":"https:\/\/huzz.imi.hr\/en\/wp-json\/wp\/v2\/media?parent=164"}],"curies":[{"name":"wp","href":"https:\/\/api.w.org\/{rel}","templated":true}]}}