{"id":160,"date":"2021-05-03T14:41:26","date_gmt":"2021-05-03T14:41:26","guid":{"rendered":"http:\/\/huzz.imi.hr\/?page_id=160"},"modified":"2023-03-14T09:38:48","modified_gmt":"2023-03-14T09:38:48","slug":"podaci-za-uplatu-clanarina","status":"publish","type":"page","link":"https:\/\/huzz.imi.hr\/en\/podaci-za-uplatu-clanarina\/","title":{"rendered":"Data for payment of membership fees"},"content":{"rendered":"<div class=\"wp-block-group\"><div class=\"wp-block-group__inner-container is-layout-flow wp-block-group-is-layout-flow\">\n<p><strong><span class=\"has-inline-color has-vivid-cyan-blue-color\">For individuals:<\/span><\/strong><\/p>\n\n\n\n<p><strong>Recipient:<\/strong> CAPPA, Ksaverska cesta 2, Zagreb,<br><strong>Fee:<\/strong> 15 \u20ac \/ 113,02 kn <br><strong>IBAN: <\/strong>HR13 2340 0091 1000 1210 2<br><strong>Payment description: <\/strong>membership fee for the current year<br><strong>Swift code<\/strong> (quoting your Identification number)<\/p>\n\n\n\n<p>If you need <strong>invoice<\/strong> and\/or <strong>e-invoice<\/strong>please send an e-mail to <strong>info@huzz.hr<\/strong><\/p>\n<\/div><\/div>\n\n\n\n<p><strong><span class=\"has-inline-color has-vivid-cyan-blue-color\">For institutions:<\/span><\/strong><\/p>\n\n\n\n<p><strong>Fee:<\/strong> 150 \u20ac \/ 1130,18 kn<\/p>","protected":false},"excerpt":{"rendered":"<p>Za fizi\u010dke osobe: Primatelj: HUZZ, Ksaverska cesta 2, Zagreb,Iznos: 15 \u20ac \/ 113,02 kn IBAN: HR13 2340 0091 1000 1210 2U opis pla\u0107anja upi\u0161ite: \u010dlanarina za teku\u0107u godinuU poziv na broj upi\u0161ite svoj OIB. Ukoliko vam je potreban R1 ra\u010dun i\/ili e-ra\u010dun, molim vas da po\u0161aljete e-mail na info@huzz.hr Za ustanove: Iznos: 150 \u20ac \/ 1130,18 kn<\/p>","protected":false},"author":2,"featured_media":0,"parent":0,"menu_order":0,"comment_status":"closed","ping_status":"closed","template":"","meta":{"footnotes":""},"class_list":["post-160","page","type-page","status-publish","hentry"],"_links":{"self":[{"href":"https:\/\/huzz.imi.hr\/en\/wp-json\/wp\/v2\/pages\/160","targetHints":{"allow":["GET"]}}],"collection":[{"href":"https:\/\/huzz.imi.hr\/en\/wp-json\/wp\/v2\/pages"}],"about":[{"href":"https:\/\/huzz.imi.hr\/en\/wp-json\/wp\/v2\/types\/page"}],"author":[{"embeddable":true,"href":"https:\/\/huzz.imi.hr\/en\/wp-json\/wp\/v2\/users\/2"}],"replies":[{"embeddable":true,"href":"https:\/\/huzz.imi.hr\/en\/wp-json\/wp\/v2\/comments?post=160"}],"version-history":[{"count":10,"href":"https:\/\/huzz.imi.hr\/en\/wp-json\/wp\/v2\/pages\/160\/revisions"}],"predecessor-version":[{"id":546,"href":"https:\/\/huzz.imi.hr\/en\/wp-json\/wp\/v2\/pages\/160\/revisions\/546"}],"wp:attachment":[{"href":"https:\/\/huzz.imi.hr\/en\/wp-json\/wp\/v2\/media?parent=160"}],"curies":[{"name":"wp","href":"https:\/\/api.w.org\/{rel}","templated":true}]}}