{"id":135,"date":"2021-05-03T13:24:19","date_gmt":"2021-05-03T13:24:19","guid":{"rendered":"http:\/\/huzz.imi.hr\/?page_id=135"},"modified":"2021-05-04T12:37:11","modified_gmt":"2021-05-04T12:37:11","slug":"za-fizicke-osobe","status":"publish","type":"page","link":"https:\/\/huzz.imi.hr\/en\/za-fizicke-osobe\/","title":{"rendered":"For individuals"},"content":{"rendered":"<p><strong>Do you want to join the CAPPA?<\/strong> <\/p>\n\n\n\n<p>Fill in the application form:<\/p>\n\n\n\n<div class=\"wp-block-group\"><div class=\"wp-block-group__inner-container is-layout-flow wp-block-group-is-layout-flow\">\n<div class=\"wp-block-file\"><a href=\"http:\/\/huzz.imi.hr\/wp-content\/uploads\/2021\/05\/pristupnica_individualno_2021.docx\"><strong><span class=\"has-inline-color has-vivid-cyan-blue-color\">pristupnica_individualno<\/span><\/strong><\/a><a href=\"http:\/\/huzz.imi.hr\/wp-content\/uploads\/2021\/05\/pristupnica_individualno_2021.docx\" class=\"wp-block-file__button\" download>Download<\/a><\/div>\n<\/div><\/div>\n\n\n\n<p>Please send the filled-out form as an\nattachment to:\u00a0<a href=\"mailto:info@huzz.hr\"><strong>info@huzz.hr<\/strong><\/a><\/p>","protected":false},"excerpt":{"rendered":"<p>\u017delite li se u\u010dlaniti u Udru\u017eenje? Ispunite pristupnicu: Popunjenu pristupnicu po\u0161aljite na e-mail adresu:\u00a0info@huzz.hr<\/p>","protected":false},"author":2,"featured_media":0,"parent":0,"menu_order":0,"comment_status":"closed","ping_status":"closed","template":"","meta":{"footnotes":""},"class_list":["post-135","page","type-page","status-publish","hentry"],"_links":{"self":[{"href":"https:\/\/huzz.imi.hr\/en\/wp-json\/wp\/v2\/pages\/135","targetHints":{"allow":["GET"]}}],"collection":[{"href":"https:\/\/huzz.imi.hr\/en\/wp-json\/wp\/v2\/pages"}],"about":[{"href":"https:\/\/huzz.imi.hr\/en\/wp-json\/wp\/v2\/types\/page"}],"author":[{"embeddable":true,"href":"https:\/\/huzz.imi.hr\/en\/wp-json\/wp\/v2\/users\/2"}],"replies":[{"embeddable":true,"href":"https:\/\/huzz.imi.hr\/en\/wp-json\/wp\/v2\/comments?post=135"}],"version-history":[{"count":8,"href":"https:\/\/huzz.imi.hr\/en\/wp-json\/wp\/v2\/pages\/135\/revisions"}],"predecessor-version":[{"id":236,"href":"https:\/\/huzz.imi.hr\/en\/wp-json\/wp\/v2\/pages\/135\/revisions\/236"}],"wp:attachment":[{"href":"https:\/\/huzz.imi.hr\/en\/wp-json\/wp\/v2\/media?parent=135"}],"curies":[{"name":"wp","href":"https:\/\/api.w.org\/{rel}","templated":true}]}}